{"id":53,"date":"2025-11-15T08:55:26","date_gmt":"2025-11-15T08:55:26","guid":{"rendered":"https:\/\/hermandadviacrucis.ihermandad.es\/?page_id=53"},"modified":"2026-02-09T09:06:45","modified_gmt":"2026-02-09T09:06:45","slug":"el-guion-procesional","status":"publish","type":"page","link":"https:\/\/hermandadviacrucis.com\/index.php\/el-guion-procesional\/","title":{"rendered":"El Guion Procesional"},"content":{"rendered":"\t\t<div data-elementor-type=\"wp-page\" data-elementor-id=\"53\" class=\"elementor elementor-53\" data-elementor-post-type=\"page\">\n\t\t\t\t<div class=\"elementor-element elementor-element-cc98498 e-flex e-con-boxed e-con e-parent\" data-id=\"cc98498\" data-element_type=\"container\" data-e-type=\"container\">\n\t\t\t\t\t<div class=\"e-con-inner\">\n\t\t\t\t<div class=\"elementor-element elementor-element-6796c30 elementor-widget elementor-widget-html\" data-id=\"6796c30\" data-element_type=\"widget\" data-e-type=\"widget\" data-widget_type=\"html.default\">\n\t\t\t\t\t<div class=\"guion-procesional\">\r\n  <h2 class=\"guion-titulo\">El Guion Procesional<\/h2>\r\n\r\n  <h3><strong>Cruz de Gu\u00eda<\/strong><\/h3>\r\n  <p>\r\n    La cruz de gu\u00eda es plana, de madera de abedul y lleva una imagen del crucificado que se inspira en el Cristo de marfil de Alonso Cano. Tallada por Rafael Centella en 1992, sustituy\u00f3 a otra anterior de similares caracter\u00edsticas, realizada en estuco y que se conserva en la Hermandad.\r\n  <\/p>\r\n\r\n  <h3><strong>Faroles de Vi\u00e1tico<\/strong><\/h3>\r\n  <p>\r\n    Acompa\u00f1an a la Hermandad doce faroles de lat\u00f3n pintados en negro y de estructura poligonal. Pertenecieron a la Hermandad del Sant\u00edsimo Sacramento, destinados a acompa\u00f1ar el Vi\u00e1tico. Fueron donados a la Hermandad por la Parroquia en su fundaci\u00f3n y su origen se sit\u00faa en 1890.\r\n  <\/p>\r\n\r\n  <h3><strong>Tambores roncos<\/strong><\/h3>\r\n  <p>\r\n    \u00danico elemento musical que incorpora esta Hermandad de silencio, se sit\u00faan al inicio del cortejo y su significado es una llamada de atenci\u00f3n al \u201cpueblo\u201d de la llegada de la Hermandad. Son golpes secos y con una melod\u00eda simple y repetitiva.\r\n  <\/p>\r\n\r\n  <h3><strong>Estandarte de la Parroquia<\/strong><\/h3>\r\n  <p>\r\n    Este estandarte, denominado \u201cde la Parroquia\u201d, es realizado en 1991 por el bordador Antonio Mu\u00f1oz. Es de terciopelo negro y luce en el centro la cruz trinitaria, en referencia al convento trinitario ubicado hasta 1884 en donde hoy est\u00e1 la Parroquia. En el a\u00f1o 2012 la Hermandad restaura el mismo, pues en algunas zonas se encontraba deteriorado, y se decidi\u00f3 cambiar su forma, adapt\u00e1ndolo al tradicional de picos.\r\n  <\/p>\r\n\r\n  <h3><strong>Libro de reglas<\/strong><\/h3>\r\n  <p>\r\n    Sustituyendo a uno de modesta factura, en 1991 es realizado en cordob\u00e1n con motivos de lacer\u00eda. Las hojas son de pergamino y est\u00e1 realizado al estilo de los antiguos c\u00f3dices. Sus autores son, en el cordob\u00e1n, Pilar Soto, y en el manuscrito, Jos\u00e9 Murillo Rojas. Se representan en su interior siete escenas que corresponden cada una de ellas a un cap\u00edtulo: Oraci\u00f3n en el Huerto, Beso de Judas, Flagelaci\u00f3n, Jes\u00fas ante Pilato, Ecce Homo, Camino del Calvario y Crucifixi\u00f3n. Finalmente, una representaci\u00f3n de la Virgen de las Angustias.\r\n  <\/p>\r\n\r\n  <h3><strong>Corona de espinas<\/strong><\/h3>\r\n  <p>\r\n    Este atributo se incorpora en el a\u00f1o 1990. Est\u00e1 realizada en espino por Miguel Arjona y se porta en un coj\u00edn. Las razones de su incorporaci\u00f3n, independientemente de su sentido pasionista, vienen dadas porque en esos momentos los investigadores descubren la existencia de la Hermandad de la Coronaci\u00f3n y, dado que la misma procesionaba tambi\u00e9n al Cristo de la Salud, la Hermandad, en homenaje y recuerdo, agrega la misma.\r\n  <\/p>\r\n\r\n  <h3><strong>La bandera<\/strong><\/h3>\r\n  <p>\r\n    Actualmente procesionamos la tercera bandera que la Hermandad ha tenido, conserv\u00e1ndose las tres en la actualidad. El dise\u00f1o de las mismas siempre ha sido el mismo: el escudo de la Hermandad.\r\n  <\/p>\r\n  <p>\r\n    La primera, de color negro, incorporaba el escudo de la Hermandad en color blanco; se procesion\u00f3 durante pocos a\u00f1os y era de modesta factura.\r\n  <\/p>\r\n  <p>\r\n    La segunda, tambi\u00e9n en negro, confeccionada por hermanas de la cofrad\u00eda, con el escudo en tonos marrones y alg\u00fan bordado, se utiliz\u00f3 hasta el a\u00f1o 2010, en el que se incorpora la nueva.\r\n  <\/p>\r\n  <p>\r\n    Esta \u00faltima est\u00e1 confeccionada en tela de damasco negro con bordados de seda por Jos\u00e9 Luis Guerra Flores, bajo idea de Rafael Mariscal. Presenta el escudo de la corporaci\u00f3n en el interior de un \u00f3valo, sacado del original del escudo trinitario calzado que se encuentra en el dintel del cancel de la Parroquia. El \u00f3valo se enriquece con motivos florales existentes en el altar del Cristo.\r\n  <\/p>\r\n\r\n  <h3><strong>Estandarte del Cristo<\/strong><\/h3>\r\n  <p>\r\n    Al igual que la bandera, el estandarte del Cristo es realizado por Jos\u00e9 Luis Guerra y se estren\u00f3 en el a\u00f1o 2011. Est\u00e1 confeccionado en terciopelo negro, bordado en hojilla con motivos inspirados en distintos elementos del altar del Cristo. Ideado por Rafael Mariscal y bajo la supervisi\u00f3n de Eduardo Heredia, est\u00e1 inspirado en los estandartes tradicionales de grandes picos y rematado por una original cornisa con una inscripci\u00f3n en lat\u00edn: \u201cesta es la cruz en la cual el Redentor del mundo nos dio la Salud. Venid a adorarlo\u201d. Se remata con la concha del Bautista, alusi\u00f3n al titular de la Parroquia. En el centro, y bordado en sedas, se encuentra el Cristo de la Salud; detr\u00e1s, la ciudad de Jerusal\u00e9n.\r\n  <\/p>\r\n\r\n  <h3><strong>La reliquia<\/strong><\/h3>\r\n  <p>\r\n    Con motivo del nombramiento como can\u00f3nigo de la S.I.C. de nuestro p\u00e1rroco y consiliario, D. Jos\u00e9 J. Jim\u00e9nez G\u00fceto, junto con su hermano Miguel acordaron regalar a la Hermandad un magn\u00edfico relicario del siglo XVIII realizado en madera dorada y policromada que porta una reliquia de san Juan de Mata, fundador de la orden trinitaria calzada. En su reverso se puede ver la cruz trinitaria y una inscripci\u00f3n que dice: \u201cdonado por la familia Jim\u00e9nez G\u00fceto en 29 de marzo de 2010, Lunes Santo\u201d.\r\n  <\/p>\r\n\r\n  <h3><strong>Incensarios<\/strong><\/h3>\r\n  <p>\r\n    Los incensarios actuales sustituyeron a unos de peque\u00f1o tama\u00f1o en el a\u00f1o 1992. Son de considerable tama\u00f1o y muy eficaces para su labor. Est\u00e1n realizados en metal plateado en los talleres de D\u00edaz Roncero, seg\u00fan dise\u00f1o de Miguel Arjona Navarro. Su estructura est\u00e1 inspirada en modelos renacentistas.\r\n  <\/p>\r\n\r\n  <h3><strong>Cruz parroquial<\/strong><\/h3>\r\n  <p>\r\n    En otros tiempos eran las cruces parroquiales las que abr\u00edan las procesiones de las distintas hermandades. La Hermandad, como s\u00edmbolo de pertenencia a su Parroquia, incorpora la misma, que est\u00e1 realizada en 1823 y es de autor an\u00f3nimo, yendo escoltada por dos ciriales, obra de Dami\u00e1n de Castro y fechados en 1759. Las piezas est\u00e1n cinceladas en plata.\r\n  <\/p>\r\n\r\n  <h3><strong>Palio de respeto<\/strong><\/h3>\r\n  <p>\r\n    El palio de respeto ha sido un s\u00edmbolo de la liturgia y del culto pr\u00e1cticamente desaparecido en la actualidad.\r\n  <\/p>\r\n  <p>\r\n    Los palios de respeto constituyen una pieza de los guiones procesionales que de forma tradicional han existido en las hermandades de C\u00f3rdoba. El palio de la Hermandad est\u00e1 realizado en terciopelo negro, dise\u00f1ado y bordado por Antonio Castell\u00f3 Fern\u00e1ndez y, para su estructura, se utilizan unos extraordinarios varales que son propiedad de la Parroquia, realizados en el siglo XVIII, cuyo autor desconocemos.\r\n  <\/p>\r\n<\/div>\r\n\t\t\t\t<\/div>\n\t\t\t\t\t<\/div>\n\t\t\t\t<\/div>\n\t\t<div class=\"elementor-element elementor-element-8698f39 e-flex e-con-boxed e-con e-parent\" data-id=\"8698f39\" data-element_type=\"container\" data-e-type=\"container\">\n\t\t\t\t\t<div class=\"e-con-inner\">\n\t\t\t\t<div class=\"elementor-element elementor-element-f75d2b3 elementor-widget elementor-widget-gallery\" data-id=\"f75d2b3\" data-element_type=\"widget\" data-e-type=\"widget\" data-settings=\"{&quot;aspect_ratio&quot;:&quot;4:3&quot;,&quot;lazyload&quot;:&quot;yes&quot;,&quot;gallery_layout&quot;:&quot;grid&quot;,&quot;columns&quot;:4,&quot;columns_tablet&quot;:2,&quot;columns_mobile&quot;:1,&quot;gap&quot;:{&quot;unit&quot;:&quot;px&quot;,&quot;size&quot;:10,&quot;sizes&quot;:[]},&quot;gap_tablet&quot;:{&quot;unit&quot;:&quot;px&quot;,&quot;size&quot;:10,&quot;sizes&quot;:[]},&quot;gap_mobile&quot;:{&quot;unit&quot;:&quot;px&quot;,&quot;size&quot;:10,&quot;sizes&quot;:[]},&quot;link_to&quot;:&quot;file&quot;,&quot;overlay_background&quot;:&quot;yes&quot;,&quot;content_hover_animation&quot;:&quot;fade-in&quot;}\" data-widget_type=\"gallery.default\">\n\t\t\t\t\t\t\t<div class=\"elementor-gallery__container\">\n\t\t\t\t\t\t\t<a class=\"e-gallery-item elementor-gallery-item elementor-animated-content\" href=\"https:\/\/hermandadviacrucis.com\/wp-content\/uploads\/2026\/02\/465214326_8550853764962098_3519125060045710053_n.jpg\" data-elementor-open-lightbox=\"yes\" data-elementor-lightbox-slideshow=\"f75d2b3\" data-elementor-lightbox-title=\"465214326_8550853764962098_3519125060045710053_n\" data-e-action-hash=\"#elementor-action%3Aaction%3Dlightbox%26settings%3DeyJpZCI6OTg3NSwidXJsIjoiaHR0cHM6XC9cL2hlcm1hbmRhZHZpYWNydWNpcy5jb21cL3dwLWNvbnRlbnRcL3VwbG9hZHNcLzIwMjZcLzAyXC80NjUyMTQzMjZfODU1MDg1Mzc2NDk2MjA5OF8zNTE5MTI1MDYwMDQ1NzEwMDUzX24uanBnIiwic2xpZGVzaG93IjoiZjc1ZDJiMyJ9\">\n\t\t\t\t\t<div class=\"e-gallery-image elementor-gallery-item__image\" data-thumbnail=\"https:\/\/hermandadviacrucis.com\/wp-content\/uploads\/2026\/02\/465214326_8550853764962098_3519125060045710053_n-1536x1024.jpg\" data-width=\"1536\" data-height=\"1024\" aria-label=\"\" role=\"img\" ><\/div>\n\t\t\t\t\t\t\t\t\t\t\t<div class=\"elementor-gallery-item__overlay\"><\/div>\n\t\t\t\t\t\t\t\t\t\t\t\t\t\t<\/a>\n\t\t\t\t\t\t\t<a class=\"e-gallery-item elementor-gallery-item elementor-animated-content\" href=\"https:\/\/hermandadviacrucis.com\/wp-content\/uploads\/2026\/02\/BAndera-grande.jpg\" data-elementor-open-lightbox=\"yes\" data-elementor-lightbox-slideshow=\"f75d2b3\" data-elementor-lightbox-title=\"Bandera del Cristo\" data-e-action-hash=\"#elementor-action%3Aaction%3Dlightbox%26settings%3DeyJpZCI6OTg3NCwidXJsIjoiaHR0cHM6XC9cL2hlcm1hbmRhZHZpYWNydWNpcy5jb21cL3dwLWNvbnRlbnRcL3VwbG9hZHNcLzIwMjZcLzAyXC9CQW5kZXJhLWdyYW5kZS5qcGciLCJzbGlkZXNob3ciOiJmNzVkMmIzIn0%3D\">\n\t\t\t\t\t<div class=\"e-gallery-image elementor-gallery-item__image\" data-thumbnail=\"https:\/\/hermandadviacrucis.com\/wp-content\/uploads\/2026\/02\/BAndera-grande-1024x1536.jpg\" data-width=\"1024\" data-height=\"1536\" aria-label=\"\" role=\"img\" ><\/div>\n\t\t\t\t\t\t\t\t\t\t\t<div class=\"elementor-gallery-item__overlay\"><\/div>\n\t\t\t\t\t\t\t\t\t\t\t\t\t\t<\/a>\n\t\t\t\t\t\t\t<a class=\"e-gallery-item elementor-gallery-item elementor-animated-content\" href=\"https:\/\/hermandadviacrucis.com\/wp-content\/uploads\/2026\/02\/ViaCrucis-2.jpg\" data-elementor-open-lightbox=\"yes\" data-elementor-lightbox-slideshow=\"f75d2b3\" data-elementor-lightbox-title=\"ViaCrucis-2\" data-e-action-hash=\"#elementor-action%3Aaction%3Dlightbox%26settings%3DeyJpZCI6OTg3NiwidXJsIjoiaHR0cHM6XC9cL2hlcm1hbmRhZHZpYWNydWNpcy5jb21cL3dwLWNvbnRlbnRcL3VwbG9hZHNcLzIwMjZcLzAyXC9WaWFDcnVjaXMtMi5qcGciLCJzbGlkZXNob3ciOiJmNzVkMmIzIn0%3D\">\n\t\t\t\t\t<div class=\"e-gallery-image elementor-gallery-item__image\" data-thumbnail=\"https:\/\/hermandadviacrucis.com\/wp-content\/uploads\/2026\/02\/ViaCrucis-2-1536x1077.jpg\" data-width=\"1536\" data-height=\"1077\" aria-label=\"\" role=\"img\" ><\/div>\n\t\t\t\t\t\t\t\t\t\t\t<div class=\"elementor-gallery-item__overlay\"><\/div>\n\t\t\t\t\t\t\t\t\t\t\t\t\t\t<\/a>\n\t\t\t\t\t\t\t<a class=\"e-gallery-item elementor-gallery-item elementor-animated-content\" href=\"https:\/\/hermandadviacrucis.com\/wp-content\/uploads\/2026\/02\/DSC3238-1.jpg\" data-elementor-open-lightbox=\"yes\" data-elementor-lightbox-slideshow=\"f75d2b3\" data-elementor-lightbox-title=\"_DSC3238-1\" data-e-action-hash=\"#elementor-action%3Aaction%3Dlightbox%26settings%3DeyJpZCI6OTg3NywidXJsIjoiaHR0cHM6XC9cL2hlcm1hbmRhZHZpYWNydWNpcy5jb21cL3dwLWNvbnRlbnRcL3VwbG9hZHNcLzIwMjZcLzAyXC9EU0MzMjM4LTEuanBnIiwic2xpZGVzaG93IjoiZjc1ZDJiMyJ9\">\n\t\t\t\t\t<div class=\"e-gallery-image elementor-gallery-item__image\" data-thumbnail=\"https:\/\/hermandadviacrucis.com\/wp-content\/uploads\/2026\/02\/DSC3238-1.jpg\" data-width=\"800\" data-height=\"1200\" aria-label=\"\" role=\"img\" ><\/div>\n\t\t\t\t\t\t\t\t\t\t\t<div class=\"elementor-gallery-item__overlay\"><\/div>\n\t\t\t\t\t\t\t\t\t\t\t\t\t\t<\/a>\n\t\t\t\t\t\t\t<a class=\"e-gallery-item elementor-gallery-item elementor-animated-content\" href=\"https:\/\/hermandadviacrucis.com\/wp-content\/uploads\/2026\/02\/IMG_8467.jpg\" data-elementor-open-lightbox=\"yes\" data-elementor-lightbox-slideshow=\"f75d2b3\" data-elementor-lightbox-title=\"IMG_8467\" data-e-action-hash=\"#elementor-action%3Aaction%3Dlightbox%26settings%3DeyJpZCI6OTg3OCwidXJsIjoiaHR0cHM6XC9cL2hlcm1hbmRhZHZpYWNydWNpcy5jb21cL3dwLWNvbnRlbnRcL3VwbG9hZHNcLzIwMjZcLzAyXC9JTUdfODQ2Ny5qcGciLCJzbGlkZXNob3ciOiJmNzVkMmIzIn0%3D\">\n\t\t\t\t\t<div class=\"e-gallery-image elementor-gallery-item__image\" data-thumbnail=\"https:\/\/hermandadviacrucis.com\/wp-content\/uploads\/2026\/02\/IMG_8467-1536x1152.jpg\" data-width=\"1536\" data-height=\"1152\" aria-label=\"\" role=\"img\" ><\/div>\n\t\t\t\t\t\t\t\t\t\t\t<div class=\"elementor-gallery-item__overlay\"><\/div>\n\t\t\t\t\t\t\t\t\t\t\t\t\t\t<\/a>\n\t\t\t\t\t\t\t<a class=\"e-gallery-item elementor-gallery-item elementor-animated-content\" href=\"https:\/\/hermandadviacrucis.com\/wp-content\/uploads\/2026\/02\/foto1.bmp\" data-elementor-open-lightbox=\"yes\" data-elementor-lightbox-slideshow=\"f75d2b3\" data-elementor-lightbox-title=\"foto1\" data-e-action-hash=\"#elementor-action%3Aaction%3Dlightbox%26settings%3DeyJpZCI6OTg3OSwidXJsIjoiaHR0cHM6XC9cL2hlcm1hbmRhZHZpYWNydWNpcy5jb21cL3dwLWNvbnRlbnRcL3VwbG9hZHNcLzIwMjZcLzAyXC9mb3RvMS5ibXAiLCJzbGlkZXNob3ciOiJmNzVkMmIzIn0%3D\">\n\t\t\t\t\t<div class=\"e-gallery-image elementor-gallery-item__image\" data-thumbnail=\"https:\/\/hermandadviacrucis.com\/wp-content\/uploads\/2026\/02\/foto1.bmp\" data-width=\"230\" data-height=\"262\" aria-label=\"\" role=\"img\" ><\/div>\n\t\t\t\t\t\t\t\t\t\t\t<div class=\"elementor-gallery-item__overlay\"><\/div>\n\t\t\t\t\t\t\t\t\t\t\t\t\t\t<\/a>\n\t\t\t\t\t\t\t<a class=\"e-gallery-item elementor-gallery-item elementor-animated-content\" href=\"https:\/\/hermandadviacrucis.com\/wp-content\/uploads\/2026\/02\/3501520844_2856a3e206.jpg\" data-elementor-open-lightbox=\"yes\" data-elementor-lightbox-slideshow=\"f75d2b3\" data-elementor-lightbox-title=\"3501520844_2856a3e206\" data-e-action-hash=\"#elementor-action%3Aaction%3Dlightbox%26settings%3DeyJpZCI6OTg4MCwidXJsIjoiaHR0cHM6XC9cL2hlcm1hbmRhZHZpYWNydWNpcy5jb21cL3dwLWNvbnRlbnRcL3VwbG9hZHNcLzIwMjZcLzAyXC8zNTAxNTIwODQ0XzI4NTZhM2UyMDYuanBnIiwic2xpZGVzaG93IjoiZjc1ZDJiMyJ9\">\n\t\t\t\t\t<div class=\"e-gallery-image elementor-gallery-item__image\" data-thumbnail=\"https:\/\/hermandadviacrucis.com\/wp-content\/uploads\/2026\/02\/3501520844_2856a3e206.jpg\" data-width=\"333\" data-height=\"500\" aria-label=\"\" role=\"img\" ><\/div>\n\t\t\t\t\t\t\t\t\t\t\t<div class=\"elementor-gallery-item__overlay\"><\/div>\n\t\t\t\t\t\t\t\t\t\t\t\t\t\t<\/a>\n\t\t\t\t\t\t\t<a class=\"e-gallery-item elementor-gallery-item elementor-animated-content\" href=\"https:\/\/hermandadviacrucis.com\/wp-content\/uploads\/2026\/02\/ViaCrucis-2-1.jpg\" data-elementor-open-lightbox=\"yes\" data-elementor-lightbox-slideshow=\"f75d2b3\" data-elementor-lightbox-title=\"ViaCrucis-2\" data-e-action-hash=\"#elementor-action%3Aaction%3Dlightbox%26settings%3DeyJpZCI6OTg4MSwidXJsIjoiaHR0cHM6XC9cL2hlcm1hbmRhZHZpYWNydWNpcy5jb21cL3dwLWNvbnRlbnRcL3VwbG9hZHNcLzIwMjZcLzAyXC9WaWFDcnVjaXMtMi0xLmpwZyIsInNsaWRlc2hvdyI6ImY3NWQyYjMifQ%3D%3D\">\n\t\t\t\t\t<div class=\"e-gallery-image elementor-gallery-item__image\" data-thumbnail=\"https:\/\/hermandadviacrucis.com\/wp-content\/uploads\/2026\/02\/ViaCrucis-2-1-1536x1077.jpg\" data-width=\"1536\" data-height=\"1077\" aria-label=\"\" role=\"img\" ><\/div>\n\t\t\t\t\t\t\t\t\t\t\t<div class=\"elementor-gallery-item__overlay\"><\/div>\n\t\t\t\t\t\t\t\t\t\t\t\t\t\t<\/a>\n\t\t\t\t\t<\/div>\n\t\t\t\t\t<\/div>\n\t\t\t\t\t<\/div>\n\t\t\t\t<\/div>\n\t\t\t\t<\/div>\n\t\t","protected":false},"excerpt":{"rendered":"<p>El Guion Procesional Cruz de Gu\u00eda La cruz de gu\u00eda es plana, de madera de abedul y lleva una imagen [&hellip;]<\/p>\n","protected":false},"author":1,"featured_media":0,"parent":0,"menu_order":0,"comment_status":"closed","ping_status":"closed","template":"elementor_header_footer","meta":{"site-sidebar-layout":"no-sidebar","site-content-layout":"","ast-site-content-layout":"full-width-container","site-content-style":"default","site-sidebar-style":"default","ast-global-header-display":"","ast-banner-title-visibility":"","ast-main-header-display":"","ast-hfb-above-header-display":"","ast-hfb-below-header-display":"","ast-hfb-mobile-header-display":"","site-post-title":"","ast-breadcrumbs-content":"","ast-featured-img":"disabled","footer-sml-layout":"","ast-disable-related-posts":"","theme-transparent-header-meta":"","adv-header-id-meta":"","stick-header-meta":"","header-above-stick-meta":"","header-main-stick-meta":"","header-below-stick-meta":"","astra-migrate-meta-layouts":"default","ast-page-background-enabled":"default","ast-page-background-meta":{"desktop":{"background-color":"var(--ast-global-color-5)","background-image":"","background-repeat":"repeat","background-position":"center center","background-size":"auto","background-attachment":"scroll","background-type":"","background-media":"","overlay-type":"","overlay-color":"","overlay-opacity":"","overlay-gradient":""},"tablet":{"background-color":"","background-image":"","background-repeat":"repeat","background-position":"center center","background-size":"auto","background-attachment":"scroll","background-type":"","background-media":"","overlay-type":"","overlay-color":"","overlay-opacity":"","overlay-gradient":""},"mobile":{"background-color":"","background-image":"","background-repeat":"repeat","background-position":"center center","background-size":"auto","background-attachment":"scroll","background-type":"","background-media":"","overlay-type":"","overlay-color":"","overlay-opacity":"","overlay-gradient":""}},"ast-content-background-meta":{"desktop":{"background-color":"var(--ast-global-color-4)","background-image":"","background-repeat":"repeat","background-position":"center center","background-size":"auto","background-attachment":"scroll","background-type":"","background-media":"","overlay-type":"","overlay-color":"","overlay-opacity":"","overlay-gradient":""},"tablet":{"background-color":"var(--ast-global-color-4)","background-image":"","background-repeat":"repeat","background-position":"center center","background-size":"auto","background-attachment":"scroll","background-type":"","background-media":"","overlay-type":"","overlay-color":"","overlay-opacity":"","overlay-gradient":""},"mobile":{"background-color":"var(--ast-global-color-4)","background-image":"","background-repeat":"repeat","background-position":"center center","background-size":"auto","background-attachment":"scroll","background-type":"","background-media":"","overlay-type":"","overlay-color":"","overlay-opacity":"","overlay-gradient":""}},"_joinchat":[],"footnotes":""},"class_list":["post-53","page","type-page","status-publish","hentry"],"_links":{"self":[{"href":"https:\/\/hermandadviacrucis.com\/index.php\/wp-json\/wp\/v2\/pages\/53","targetHints":{"allow":["GET"]}}],"collection":[{"href":"https:\/\/hermandadviacrucis.com\/index.php\/wp-json\/wp\/v2\/pages"}],"about":[{"href":"https:\/\/hermandadviacrucis.com\/index.php\/wp-json\/wp\/v2\/types\/page"}],"author":[{"embeddable":true,"href":"https:\/\/hermandadviacrucis.com\/index.php\/wp-json\/wp\/v2\/users\/1"}],"replies":[{"embeddable":true,"href":"https:\/\/hermandadviacrucis.com\/index.php\/wp-json\/wp\/v2\/comments?post=53"}],"version-history":[{"count":7,"href":"https:\/\/hermandadviacrucis.com\/index.php\/wp-json\/wp\/v2\/pages\/53\/revisions"}],"predecessor-version":[{"id":9884,"href":"https:\/\/hermandadviacrucis.com\/index.php\/wp-json\/wp\/v2\/pages\/53\/revisions\/9884"}],"wp:attachment":[{"href":"https:\/\/hermandadviacrucis.com\/index.php\/wp-json\/wp\/v2\/media?parent=53"}],"curies":[{"name":"wp","href":"https:\/\/api.w.org\/{rel}","templated":true}]}}