{"id":8054,"date":"2025-12-21T18:24:58","date_gmt":"2025-12-21T17:24:58","guid":{"rendered":"https:\/\/hermandadviacrucis.ihermandad.es\/?page_id=8054"},"modified":"2026-02-15T12:51:35","modified_gmt":"2026-02-15T12:51:35","slug":"carteles-lunes-santo","status":"publish","type":"page","link":"https:\/\/hermandadviacrucis.com\/index.php\/carteles-lunes-santo\/","title":{"rendered":"Carteles \u00abLunes Santo\u00bb"},"content":{"rendered":"\t\t<div data-elementor-type=\"wp-page\" data-elementor-id=\"8054\" class=\"elementor elementor-8054\" data-elementor-post-type=\"page\">\n\t\t\t\t<div class=\"elementor-element elementor-element-346a8a1 e-flex e-con-boxed e-con e-parent\" data-id=\"346a8a1\" data-element_type=\"container\" data-e-type=\"container\">\n\t\t\t\t\t<div class=\"e-con-inner\">\n\t\t\t\t<div class=\"elementor-element elementor-element-72ce730 elementor-widget elementor-widget-heading\" data-id=\"72ce730\" data-element_type=\"widget\" data-e-type=\"widget\" data-widget_type=\"heading.default\">\n\t\t\t\t\t<h2 class=\"elementor-heading-title elementor-size-default\">Carteles<\/h2>\t\t\t\t<\/div>\n\t\t\t\t\t<\/div>\n\t\t\t\t<\/div>\n\t\t<div class=\"elementor-element elementor-element-4fdbbc6 e-flex e-con-boxed e-con e-parent\" data-id=\"4fdbbc6\" data-element_type=\"container\" data-e-type=\"container\">\n\t\t\t\t\t<div class=\"e-con-inner\">\n\t\t<div class=\"elementor-element elementor-element-0d57e99 e-con-full e-flex e-con e-child\" data-id=\"0d57e99\" data-element_type=\"container\" data-e-type=\"container\">\n\t\t\t\t<\/div>\n\t\t<div class=\"elementor-element elementor-element-37ed00e e-con-full e-flex e-con e-child\" data-id=\"37ed00e\" data-element_type=\"container\" data-e-type=\"container\">\n\t\t\t\t<div class=\"elementor-element elementor-element-4f08950 elementor-widget elementor-widget-image\" data-id=\"4f08950\" data-element_type=\"widget\" data-e-type=\"widget\" data-widget_type=\"image.default\">\n\t\t\t\t\t\t\t\t\t\t\t\t\t\t\t<img fetchpriority=\"high\" decoding=\"async\" width=\"848\" height=\"1024\" src=\"https:\/\/hermandadviacrucis.com\/wp-content\/uploads\/2025\/12\/2022_Centenario.jpg\" class=\"attachment-large size-large wp-image-8060\" alt=\"\" srcset=\"https:\/\/hermandadviacrucis.com\/wp-content\/uploads\/2025\/12\/2022_Centenario.jpg 848w, https:\/\/hermandadviacrucis.com\/wp-content\/uploads\/2025\/12\/2022_Centenario-248x300.jpg 248w, https:\/\/hermandadviacrucis.com\/wp-content\/uploads\/2025\/12\/2022_Centenario-768x927.jpg 768w\" sizes=\"(max-width: 848px) 100vw, 848px\" \/>\t\t\t\t\t\t\t\t\t\t\t\t\t\t\t<\/div>\n\t\t\t\t<\/div>\n\t\t<div class=\"elementor-element elementor-element-69bd24a e-con-full e-flex e-con e-child\" data-id=\"69bd24a\" data-element_type=\"container\" data-e-type=\"container\">\n\t\t\t\t<\/div>\n\t\t\t\t\t<\/div>\n\t\t\t\t<\/div>\n\t\t<div class=\"elementor-element elementor-element-a1db3c6 e-flex e-con-boxed e-con e-parent\" data-id=\"a1db3c6\" data-element_type=\"container\" data-e-type=\"container\">\n\t\t\t\t\t<div class=\"e-con-inner\">\n\t\t<div class=\"elementor-element elementor-element-0b08ae7 e-con-full e-flex e-con e-child\" data-id=\"0b08ae7\" data-element_type=\"container\" data-e-type=\"container\">\n\t\t\t\t<div class=\"elementor-element elementor-element-d4ed66d elementor-widget elementor-widget-image\" data-id=\"d4ed66d\" data-element_type=\"widget\" data-e-type=\"widget\" data-widget_type=\"image.default\">\n\t\t\t\t\t\t\t\t\t\t\t\t<figure class=\"wp-caption\">\n\t\t\t\t\t\t\t\t\t\t<img decoding=\"async\" width=\"732\" height=\"1024\" src=\"https:\/\/hermandadviacrucis.com\/wp-content\/uploads\/2026\/01\/2025-1-732x1024.png\" class=\"attachment-large size-large wp-image-8440\" alt=\"\" srcset=\"https:\/\/hermandadviacrucis.com\/wp-content\/uploads\/2026\/01\/2025-1-732x1024.png 732w, https:\/\/hermandadviacrucis.com\/wp-content\/uploads\/2026\/01\/2025-1-214x300.png 214w, https:\/\/hermandadviacrucis.com\/wp-content\/uploads\/2026\/01\/2025-1-768x1075.png 768w, https:\/\/hermandadviacrucis.com\/wp-content\/uploads\/2026\/01\/2025-1-1097x1536.png 1097w, https:\/\/hermandadviacrucis.com\/wp-content\/uploads\/2026\/01\/2025-1.png 1286w\" sizes=\"(max-width: 732px) 100vw, 732px\" \/>\t\t\t\t\t\t\t\t\t\t\t<figcaption class=\"widget-image-caption wp-caption-text\">Autor:<\/figcaption>\n\t\t\t\t\t\t\t\t\t\t<\/figure>\n\t\t\t\t\t\t\t\t\t<\/div>\n\t\t\t\t<\/div>\n\t\t<div class=\"elementor-element elementor-element-06fd3b5 e-con-full e-flex e-con e-child\" data-id=\"06fd3b5\" data-element_type=\"container\" data-e-type=\"container\">\n\t\t\t\t<div class=\"elementor-element elementor-element-3443674 elementor-widget elementor-widget-image\" data-id=\"3443674\" data-element_type=\"widget\" data-e-type=\"widget\" data-widget_type=\"image.default\">\n\t\t\t\t\t\t\t\t\t\t\t\t<figure class=\"wp-caption\">\n\t\t\t\t\t\t\t\t\t\t<img decoding=\"async\" width=\"732\" height=\"1024\" src=\"https:\/\/hermandadviacrucis.com\/wp-content\/uploads\/2025\/12\/2024_Miriam-Moyano-1-732x1024.jpg\" class=\"attachment-large size-large wp-image-8070\" alt=\"\" srcset=\"https:\/\/hermandadviacrucis.com\/wp-content\/uploads\/2025\/12\/2024_Miriam-Moyano-1-732x1024.jpg 732w, https:\/\/hermandadviacrucis.com\/wp-content\/uploads\/2025\/12\/2024_Miriam-Moyano-1-214x300.jpg 214w, https:\/\/hermandadviacrucis.com\/wp-content\/uploads\/2025\/12\/2024_Miriam-Moyano-1-768x1075.jpg 768w, https:\/\/hermandadviacrucis.com\/wp-content\/uploads\/2025\/12\/2024_Miriam-Moyano-1-1097x1536.jpg 1097w, https:\/\/hermandadviacrucis.com\/wp-content\/uploads\/2025\/12\/2024_Miriam-Moyano-1.jpg 1286w\" sizes=\"(max-width: 732px) 100vw, 732px\" \/>\t\t\t\t\t\t\t\t\t\t\t<figcaption class=\"widget-image-caption wp-caption-text\">Autora: Miriam Moyano<\/figcaption>\n\t\t\t\t\t\t\t\t\t\t<\/figure>\n\t\t\t\t\t\t\t\t\t<\/div>\n\t\t\t\t<\/div>\n\t\t<div class=\"elementor-element elementor-element-4ce9108 e-con-full e-flex e-con e-child\" data-id=\"4ce9108\" data-element_type=\"container\" data-e-type=\"container\">\n\t\t\t\t<div class=\"elementor-element elementor-element-0605a9e elementor-widget elementor-widget-image\" data-id=\"0605a9e\" data-element_type=\"widget\" data-e-type=\"widget\" data-widget_type=\"image.default\">\n\t\t\t\t\t\t\t\t\t\t\t\t<figure class=\"wp-caption\">\n\t\t\t\t\t\t\t\t\t\t<img loading=\"lazy\" decoding=\"async\" width=\"732\" height=\"1024\" src=\"https:\/\/hermandadviacrucis.com\/wp-content\/uploads\/2026\/01\/2023_CARTEL-VIA-CRUCIS-2-732x1024.png\" class=\"attachment-large size-large wp-image-8437\" alt=\"\" srcset=\"https:\/\/hermandadviacrucis.com\/wp-content\/uploads\/2026\/01\/2023_CARTEL-VIA-CRUCIS-2-732x1024.png 732w, https:\/\/hermandadviacrucis.com\/wp-content\/uploads\/2026\/01\/2023_CARTEL-VIA-CRUCIS-2-214x300.png 214w, https:\/\/hermandadviacrucis.com\/wp-content\/uploads\/2026\/01\/2023_CARTEL-VIA-CRUCIS-2-768x1075.png 768w, https:\/\/hermandadviacrucis.com\/wp-content\/uploads\/2026\/01\/2023_CARTEL-VIA-CRUCIS-2-1097x1536.png 1097w, https:\/\/hermandadviacrucis.com\/wp-content\/uploads\/2026\/01\/2023_CARTEL-VIA-CRUCIS-2.png 1286w\" sizes=\"(max-width: 732px) 100vw, 732px\" \/>\t\t\t\t\t\t\t\t\t\t\t<figcaption class=\"widget-image-caption wp-caption-text\">Autor:<\/figcaption>\n\t\t\t\t\t\t\t\t\t\t<\/figure>\n\t\t\t\t\t\t\t\t\t<\/div>\n\t\t\t\t<\/div>\n\t\t<div class=\"elementor-element elementor-element-aa5f443 e-con-full e-flex e-con e-child\" data-id=\"aa5f443\" data-element_type=\"container\" data-e-type=\"container\">\n\t\t\t\t<div class=\"elementor-element elementor-element-cc31c6a elementor-widget elementor-widget-image\" data-id=\"cc31c6a\" data-element_type=\"widget\" data-e-type=\"widget\" data-widget_type=\"image.default\">\n\t\t\t\t\t\t\t\t\t\t\t\t<figure class=\"wp-caption\">\n\t\t\t\t\t\t\t\t\t\t<img loading=\"lazy\" decoding=\"async\" width=\"731\" height=\"1024\" src=\"https:\/\/hermandadviacrucis.com\/wp-content\/uploads\/2025\/12\/2021_Valentin-Moyano-731x1024.jpg\" class=\"attachment-large size-large wp-image-8059\" alt=\"\" srcset=\"https:\/\/hermandadviacrucis.com\/wp-content\/uploads\/2025\/12\/2021_Valentin-Moyano-731x1024.jpg 731w, https:\/\/hermandadviacrucis.com\/wp-content\/uploads\/2025\/12\/2021_Valentin-Moyano-214x300.jpg 214w, https:\/\/hermandadviacrucis.com\/wp-content\/uploads\/2025\/12\/2021_Valentin-Moyano-768x1075.jpg 768w, https:\/\/hermandadviacrucis.com\/wp-content\/uploads\/2025\/12\/2021_Valentin-Moyano-1097x1536.jpg 1097w, https:\/\/hermandadviacrucis.com\/wp-content\/uploads\/2025\/12\/2021_Valentin-Moyano.jpg 1200w\" sizes=\"(max-width: 731px) 100vw, 731px\" \/>\t\t\t\t\t\t\t\t\t\t\t<figcaption class=\"widget-image-caption wp-caption-text\">Autor: Valent\u00edn Moyano<\/figcaption>\n\t\t\t\t\t\t\t\t\t\t<\/figure>\n\t\t\t\t\t\t\t\t\t<\/div>\n\t\t\t\t<\/div>\n\t\t<div class=\"elementor-element elementor-element-f307237 e-con-full e-flex e-con e-child\" data-id=\"f307237\" data-element_type=\"container\" data-e-type=\"container\">\n\t\t\t\t<div class=\"elementor-element elementor-element-63d49f9 elementor-widget elementor-widget-image\" data-id=\"63d49f9\" data-element_type=\"widget\" data-e-type=\"widget\" data-widget_type=\"image.default\">\n\t\t\t\t\t\t\t\t\t\t\t\t<figure class=\"wp-caption\">\n\t\t\t\t\t\t\t\t\t\t<img loading=\"lazy\" decoding=\"async\" width=\"732\" height=\"1024\" src=\"https:\/\/hermandadviacrucis.com\/wp-content\/uploads\/2026\/01\/2018_Antonio-Poyato-comp-1-732x1024.png\" class=\"attachment-large size-large wp-image-8439\" alt=\"\" srcset=\"https:\/\/hermandadviacrucis.com\/wp-content\/uploads\/2026\/01\/2018_Antonio-Poyato-comp-1-732x1024.png 732w, https:\/\/hermandadviacrucis.com\/wp-content\/uploads\/2026\/01\/2018_Antonio-Poyato-comp-1-214x300.png 214w, https:\/\/hermandadviacrucis.com\/wp-content\/uploads\/2026\/01\/2018_Antonio-Poyato-comp-1-768x1075.png 768w, https:\/\/hermandadviacrucis.com\/wp-content\/uploads\/2026\/01\/2018_Antonio-Poyato-comp-1-1097x1536.png 1097w, https:\/\/hermandadviacrucis.com\/wp-content\/uploads\/2026\/01\/2018_Antonio-Poyato-comp-1.png 1286w\" sizes=\"(max-width: 732px) 100vw, 732px\" \/>\t\t\t\t\t\t\t\t\t\t\t<figcaption class=\"widget-image-caption wp-caption-text\">Autor: Antonio Poyato<\/figcaption>\n\t\t\t\t\t\t\t\t\t\t<\/figure>\n\t\t\t\t\t\t\t\t\t<\/div>\n\t\t\t\t<\/div>\n\t\t\t\t\t<\/div>\n\t\t\t\t<\/div>\n\t\t<div class=\"elementor-element elementor-element-7a87f87 e-flex e-con-boxed e-con e-parent\" data-id=\"7a87f87\" data-element_type=\"container\" data-e-type=\"container\">\n\t\t\t\t\t<div class=\"e-con-inner\">\n\t\t<div class=\"elementor-element elementor-element-d285552 e-con-full e-flex e-con e-child\" data-id=\"d285552\" data-element_type=\"container\" data-e-type=\"container\">\n\t\t\t\t<div class=\"elementor-element elementor-element-91896fb elementor-widget elementor-widget-image\" data-id=\"91896fb\" data-element_type=\"widget\" data-e-type=\"widget\" data-widget_type=\"image.default\">\n\t\t\t\t\t\t\t\t\t\t\t\t<figure class=\"wp-caption\">\n\t\t\t\t\t\t\t\t\t\t<img loading=\"lazy\" decoding=\"async\" width=\"1024\" height=\"683\" src=\"https:\/\/hermandadviacrucis.com\/wp-content\/uploads\/2025\/12\/Araceli-Roldan-comp-scaled-1-1024x683.jpg\" class=\"attachment-large size-large wp-image-8069\" alt=\"\" srcset=\"https:\/\/hermandadviacrucis.com\/wp-content\/uploads\/2025\/12\/Araceli-Roldan-comp-scaled-1-1024x683.jpg 1024w, https:\/\/hermandadviacrucis.com\/wp-content\/uploads\/2025\/12\/Araceli-Roldan-comp-scaled-1-300x200.jpg 300w, https:\/\/hermandadviacrucis.com\/wp-content\/uploads\/2025\/12\/Araceli-Roldan-comp-scaled-1-768x512.jpg 768w, https:\/\/hermandadviacrucis.com\/wp-content\/uploads\/2025\/12\/Araceli-Roldan-comp-scaled-1-1536x1024.jpg 1536w, https:\/\/hermandadviacrucis.com\/wp-content\/uploads\/2025\/12\/Araceli-Roldan-comp-scaled-1-2048x1366.jpg 2048w\" sizes=\"(max-width: 1024px) 100vw, 1024px\" \/>\t\t\t\t\t\t\t\t\t\t\t<figcaption class=\"widget-image-caption wp-caption-text\">Autora: Araceli Rold\u00e1n<\/figcaption>\n\t\t\t\t\t\t\t\t\t\t<\/figure>\n\t\t\t\t\t\t\t\t\t<\/div>\n\t\t\t\t<\/div>\n\t\t<div class=\"elementor-element elementor-element-9bd4f0c e-con-full e-flex e-con e-child\" data-id=\"9bd4f0c\" data-element_type=\"container\" data-e-type=\"container\">\n\t\t\t\t<div class=\"elementor-element elementor-element-a29e4b0 elementor-widget elementor-widget-image\" data-id=\"a29e4b0\" data-element_type=\"widget\" data-e-type=\"widget\" data-widget_type=\"image.default\">\n\t\t\t\t\t\t\t\t\t\t\t\t<figure class=\"wp-caption\">\n\t\t\t\t\t\t\t\t\t\t<img loading=\"lazy\" decoding=\"async\" width=\"1024\" height=\"683\" src=\"https:\/\/hermandadviacrucis.com\/wp-content\/uploads\/2025\/12\/2020_Jesus-Salmoral-comp2-scaled-1-1024x683.jpg\" class=\"attachment-large size-large wp-image-8071\" alt=\"\" srcset=\"https:\/\/hermandadviacrucis.com\/wp-content\/uploads\/2025\/12\/2020_Jesus-Salmoral-comp2-scaled-1-1024x683.jpg 1024w, https:\/\/hermandadviacrucis.com\/wp-content\/uploads\/2025\/12\/2020_Jesus-Salmoral-comp2-scaled-1-300x200.jpg 300w, https:\/\/hermandadviacrucis.com\/wp-content\/uploads\/2025\/12\/2020_Jesus-Salmoral-comp2-scaled-1-768x512.jpg 768w, https:\/\/hermandadviacrucis.com\/wp-content\/uploads\/2025\/12\/2020_Jesus-Salmoral-comp2-scaled-1-1536x1024.jpg 1536w, https:\/\/hermandadviacrucis.com\/wp-content\/uploads\/2025\/12\/2020_Jesus-Salmoral-comp2-scaled-1-2048x1366.jpg 2048w\" sizes=\"(max-width: 1024px) 100vw, 1024px\" \/>\t\t\t\t\t\t\t\t\t\t\t<figcaption class=\"widget-image-caption wp-caption-text\">Autor: Jesus Salmoral<\/figcaption>\n\t\t\t\t\t\t\t\t\t\t<\/figure>\n\t\t\t\t\t\t\t\t\t<\/div>\n\t\t\t\t<\/div>\n\t\t<div class=\"elementor-element elementor-element-574435f e-con-full e-flex e-con e-child\" data-id=\"574435f\" data-element_type=\"container\" data-e-type=\"container\">\n\t\t\t\t<div class=\"elementor-element elementor-element-685bbdd elementor-widget elementor-widget-image\" data-id=\"685bbdd\" data-element_type=\"widget\" data-e-type=\"widget\" data-widget_type=\"image.default\">\n\t\t\t\t\t\t\t\t\t\t\t\t<figure class=\"wp-caption\">\n\t\t\t\t\t\t\t\t\t\t<img loading=\"lazy\" decoding=\"async\" width=\"1024\" height=\"681\" src=\"https:\/\/hermandadviacrucis.com\/wp-content\/uploads\/2025\/12\/2022_Valentin-Moyano-1024x681.jpg\" class=\"attachment-large size-large wp-image-8061\" alt=\"\" srcset=\"https:\/\/hermandadviacrucis.com\/wp-content\/uploads\/2025\/12\/2022_Valentin-Moyano-1024x681.jpg 1024w, https:\/\/hermandadviacrucis.com\/wp-content\/uploads\/2025\/12\/2022_Valentin-Moyano-300x199.jpg 300w, https:\/\/hermandadviacrucis.com\/wp-content\/uploads\/2025\/12\/2022_Valentin-Moyano-768x511.jpg 768w, https:\/\/hermandadviacrucis.com\/wp-content\/uploads\/2025\/12\/2022_Valentin-Moyano-1536x1021.jpg 1536w, https:\/\/hermandadviacrucis.com\/wp-content\/uploads\/2025\/12\/2022_Valentin-Moyano.jpg 1805w\" sizes=\"(max-width: 1024px) 100vw, 1024px\" \/>\t\t\t\t\t\t\t\t\t\t\t<figcaption class=\"widget-image-caption wp-caption-text\">Autor: Valent\u00edn Moyano<\/figcaption>\n\t\t\t\t\t\t\t\t\t\t<\/figure>\n\t\t\t\t\t\t\t\t\t<\/div>\n\t\t\t\t<\/div>\n\t\t\t\t\t<\/div>\n\t\t\t\t<\/div>\n\t\t<div class=\"elementor-element elementor-element-b7d5c5e e-flex e-con-boxed e-con e-parent\" data-id=\"b7d5c5e\" data-element_type=\"container\" data-e-type=\"container\">\n\t\t\t\t\t<div class=\"e-con-inner\">\n\t\t<div class=\"elementor-element elementor-element-e674324 e-con-full e-flex e-con e-child\" data-id=\"e674324\" data-element_type=\"container\" data-e-type=\"container\">\n\t\t\t\t<div class=\"elementor-element elementor-element-624ab8f elementor-widget elementor-widget-image\" data-id=\"624ab8f\" data-element_type=\"widget\" data-e-type=\"widget\" data-widget_type=\"image.default\">\n\t\t\t\t\t\t\t\t\t\t\t\t<figure class=\"wp-caption\">\n\t\t\t\t\t\t\t\t\t\t<img loading=\"lazy\" decoding=\"async\" width=\"602\" height=\"909\" src=\"https:\/\/hermandadviacrucis.com\/wp-content\/uploads\/2025\/12\/2016_-A.-Fresno.jpg\" class=\"attachment-large size-large wp-image-8058\" alt=\"\" srcset=\"https:\/\/hermandadviacrucis.com\/wp-content\/uploads\/2025\/12\/2016_-A.-Fresno.jpg 602w, https:\/\/hermandadviacrucis.com\/wp-content\/uploads\/2025\/12\/2016_-A.-Fresno-199x300.jpg 199w\" sizes=\"(max-width: 602px) 100vw, 602px\" \/>\t\t\t\t\t\t\t\t\t\t\t<figcaption class=\"widget-image-caption wp-caption-text\">Autor: A. Fresno<\/figcaption>\n\t\t\t\t\t\t\t\t\t\t<\/figure>\n\t\t\t\t\t\t\t\t\t<\/div>\n\t\t\t\t<\/div>\n\t\t<div class=\"elementor-element elementor-element-a61d73e e-con-full e-flex e-con e-child\" data-id=\"a61d73e\" data-element_type=\"container\" data-e-type=\"container\">\n\t\t\t\t<div class=\"elementor-element elementor-element-3541347 elementor-widget elementor-widget-image\" data-id=\"3541347\" data-element_type=\"widget\" data-e-type=\"widget\" data-widget_type=\"image.default\">\n\t\t\t\t\t\t\t\t\t\t\t\t<figure class=\"wp-caption\">\n\t\t\t\t\t\t\t\t\t\t<img loading=\"lazy\" decoding=\"async\" width=\"683\" height=\"1024\" src=\"https:\/\/hermandadviacrucis.com\/wp-content\/uploads\/2025\/12\/2016_Francisco-Roman-comp-scaled-1-683x1024.jpg\" class=\"attachment-large size-large wp-image-8065\" alt=\"\" srcset=\"https:\/\/hermandadviacrucis.com\/wp-content\/uploads\/2025\/12\/2016_Francisco-Roman-comp-scaled-1-683x1024.jpg 683w, https:\/\/hermandadviacrucis.com\/wp-content\/uploads\/2025\/12\/2016_Francisco-Roman-comp-scaled-1-200x300.jpg 200w, https:\/\/hermandadviacrucis.com\/wp-content\/uploads\/2025\/12\/2016_Francisco-Roman-comp-scaled-1-768x1152.jpg 768w, https:\/\/hermandadviacrucis.com\/wp-content\/uploads\/2025\/12\/2016_Francisco-Roman-comp-scaled-1-1024x1536.jpg 1024w, https:\/\/hermandadviacrucis.com\/wp-content\/uploads\/2025\/12\/2016_Francisco-Roman-comp-scaled-1-1366x2048.jpg 1366w, https:\/\/hermandadviacrucis.com\/wp-content\/uploads\/2025\/12\/2016_Francisco-Roman-comp-scaled-1.jpg 1707w\" sizes=\"(max-width: 683px) 100vw, 683px\" \/>\t\t\t\t\t\t\t\t\t\t\t<figcaption class=\"widget-image-caption wp-caption-text\">Autor: Francisco Rom\u00e1n<\/figcaption>\n\t\t\t\t\t\t\t\t\t\t<\/figure>\n\t\t\t\t\t\t\t\t\t<\/div>\n\t\t\t\t<\/div>\n\t\t<div class=\"elementor-element elementor-element-6039a84 e-con-full e-flex e-con e-child\" data-id=\"6039a84\" data-element_type=\"container\" data-e-type=\"container\">\n\t\t\t\t<div class=\"elementor-element elementor-element-0d6e6e3 elementor-widget elementor-widget-image\" data-id=\"0d6e6e3\" data-element_type=\"widget\" data-e-type=\"widget\" data-widget_type=\"image.default\">\n\t\t\t\t\t\t\t\t\t\t\t\t<figure class=\"wp-caption\">\n\t\t\t\t\t\t\t\t\t\t<img loading=\"lazy\" decoding=\"async\" width=\"683\" height=\"1024\" src=\"https:\/\/hermandadviacrucis.com\/wp-content\/uploads\/2025\/12\/2015_Victor-Olivencia-scaled-1-683x1024.jpg\" class=\"attachment-large size-large wp-image-8057\" alt=\"\" srcset=\"https:\/\/hermandadviacrucis.com\/wp-content\/uploads\/2025\/12\/2015_Victor-Olivencia-scaled-1-683x1024.jpg 683w, https:\/\/hermandadviacrucis.com\/wp-content\/uploads\/2025\/12\/2015_Victor-Olivencia-scaled-1-200x300.jpg 200w, https:\/\/hermandadviacrucis.com\/wp-content\/uploads\/2025\/12\/2015_Victor-Olivencia-scaled-1-768x1152.jpg 768w, https:\/\/hermandadviacrucis.com\/wp-content\/uploads\/2025\/12\/2015_Victor-Olivencia-scaled-1-1024x1536.jpg 1024w, https:\/\/hermandadviacrucis.com\/wp-content\/uploads\/2025\/12\/2015_Victor-Olivencia-scaled-1-1366x2048.jpg 1366w, https:\/\/hermandadviacrucis.com\/wp-content\/uploads\/2025\/12\/2015_Victor-Olivencia-scaled-1.jpg 1707w\" sizes=\"(max-width: 683px) 100vw, 683px\" \/>\t\t\t\t\t\t\t\t\t\t\t<figcaption class=\"widget-image-caption wp-caption-text\">Autor: Victor Olivencia<\/figcaption>\n\t\t\t\t\t\t\t\t\t\t<\/figure>\n\t\t\t\t\t\t\t\t\t<\/div>\n\t\t\t\t<\/div>\n\t\t<div class=\"elementor-element elementor-element-2fe91bd e-con-full e-flex e-con e-child\" data-id=\"2fe91bd\" data-element_type=\"container\" data-e-type=\"container\">\n\t\t\t\t<div class=\"elementor-element elementor-element-87dae40 elementor-widget elementor-widget-image\" data-id=\"87dae40\" data-element_type=\"widget\" data-e-type=\"widget\" data-widget_type=\"image.default\">\n\t\t\t\t\t\t\t\t\t\t\t\t<figure class=\"wp-caption\">\n\t\t\t\t\t\t\t\t\t\t<img loading=\"lazy\" decoding=\"async\" width=\"683\" height=\"1024\" src=\"https:\/\/hermandadviacrucis.com\/wp-content\/uploads\/2025\/12\/2014_Valentin-Moyano-comp-scaled-1-683x1024.jpg\" class=\"attachment-large size-large wp-image-8064\" alt=\"\" srcset=\"https:\/\/hermandadviacrucis.com\/wp-content\/uploads\/2025\/12\/2014_Valentin-Moyano-comp-scaled-1-683x1024.jpg 683w, https:\/\/hermandadviacrucis.com\/wp-content\/uploads\/2025\/12\/2014_Valentin-Moyano-comp-scaled-1-200x300.jpg 200w, https:\/\/hermandadviacrucis.com\/wp-content\/uploads\/2025\/12\/2014_Valentin-Moyano-comp-scaled-1-768x1152.jpg 768w, https:\/\/hermandadviacrucis.com\/wp-content\/uploads\/2025\/12\/2014_Valentin-Moyano-comp-scaled-1-1024x1536.jpg 1024w, https:\/\/hermandadviacrucis.com\/wp-content\/uploads\/2025\/12\/2014_Valentin-Moyano-comp-scaled-1-1366x2048.jpg 1366w, https:\/\/hermandadviacrucis.com\/wp-content\/uploads\/2025\/12\/2014_Valentin-Moyano-comp-scaled-1.jpg 1707w\" sizes=\"(max-width: 683px) 100vw, 683px\" \/>\t\t\t\t\t\t\t\t\t\t\t<figcaption class=\"widget-image-caption wp-caption-text\">Autor: Valent\u00edn Moyano<\/figcaption>\n\t\t\t\t\t\t\t\t\t\t<\/figure>\n\t\t\t\t\t\t\t\t\t<\/div>\n\t\t\t\t<\/div>\n\t\t\t\t\t<\/div>\n\t\t\t\t<\/div>\n\t\t\t\t<\/div>\n\t\t","protected":false},"excerpt":{"rendered":"<p>Carteles Autor: Autora: Miriam Moyano Autor: Autor: Valent\u00edn Moyano Autor: Antonio Poyato Autora: Araceli Rold\u00e1n Autor: Jesus Salmoral Autor: Valent\u00edn [&hellip;]<\/p>\n","protected":false},"author":2,"featured_media":0,"parent":0,"menu_order":0,"comment_status":"closed","ping_status":"closed","template":"elementor_header_footer","meta":{"site-sidebar-layout":"no-sidebar","site-content-layout":"","ast-site-content-layout":"full-width-container","site-content-style":"default","site-sidebar-style":"default","ast-global-header-display":"","ast-banner-title-visibility":"","ast-main-header-display":"","ast-hfb-above-header-display":"","ast-hfb-below-header-display":"","ast-hfb-mobile-header-display":"","site-post-title":"","ast-breadcrumbs-content":"","ast-featured-img":"disabled","footer-sml-layout":"","ast-disable-related-posts":"","theme-transparent-header-meta":"default","adv-header-id-meta":"","stick-header-meta":"","header-above-stick-meta":"","header-main-stick-meta":"","header-below-stick-meta":"","astra-migrate-meta-layouts":"set","ast-page-background-enabled":"default","ast-page-background-meta":{"desktop":{"background-color":"var(--ast-global-color-5)","background-image":"","background-repeat":"repeat","background-position":"center center","background-size":"auto","background-attachment":"scroll","background-type":"","background-media":"","overlay-type":"","overlay-color":"","overlay-opacity":"","overlay-gradient":""},"tablet":{"background-color":"","background-image":"","background-repeat":"repeat","background-position":"center center","background-size":"auto","background-attachment":"scroll","background-type":"","background-media":"","overlay-type":"","overlay-color":"","overlay-opacity":"","overlay-gradient":""},"mobile":{"background-color":"","background-image":"","background-repeat":"repeat","background-position":"center center","background-size":"auto","background-attachment":"scroll","background-type":"","background-media":"","overlay-type":"","overlay-color":"","overlay-opacity":"","overlay-gradient":""}},"ast-content-background-meta":{"desktop":{"background-color":"var(--ast-global-color-4)","background-image":"","background-repeat":"repeat","background-position":"center center","background-size":"auto","background-attachment":"scroll","background-type":"","background-media":"","overlay-type":"","overlay-color":"","overlay-opacity":"","overlay-gradient":""},"tablet":{"background-color":"var(--ast-global-color-4)","background-image":"","background-repeat":"repeat","background-position":"center center","background-size":"auto","background-attachment":"scroll","background-type":"","background-media":"","overlay-type":"","overlay-color":"","overlay-opacity":"","overlay-gradient":""},"mobile":{"background-color":"var(--ast-global-color-4)","background-image":"","background-repeat":"repeat","background-position":"center center","background-size":"auto","background-attachment":"scroll","background-type":"","background-media":"","overlay-type":"","overlay-color":"","overlay-opacity":"","overlay-gradient":""}},"_joinchat":[],"footnotes":""},"class_list":["post-8054","page","type-page","status-publish","hentry"],"_links":{"self":[{"href":"https:\/\/hermandadviacrucis.com\/index.php\/wp-json\/wp\/v2\/pages\/8054","targetHints":{"allow":["GET"]}}],"collection":[{"href":"https:\/\/hermandadviacrucis.com\/index.php\/wp-json\/wp\/v2\/pages"}],"about":[{"href":"https:\/\/hermandadviacrucis.com\/index.php\/wp-json\/wp\/v2\/types\/page"}],"author":[{"embeddable":true,"href":"https:\/\/hermandadviacrucis.com\/index.php\/wp-json\/wp\/v2\/users\/2"}],"replies":[{"embeddable":true,"href":"https:\/\/hermandadviacrucis.com\/index.php\/wp-json\/wp\/v2\/comments?post=8054"}],"version-history":[{"count":8,"href":"https:\/\/hermandadviacrucis.com\/index.php\/wp-json\/wp\/v2\/pages\/8054\/revisions"}],"predecessor-version":[{"id":10019,"href":"https:\/\/hermandadviacrucis.com\/index.php\/wp-json\/wp\/v2\/pages\/8054\/revisions\/10019"}],"wp:attachment":[{"href":"https:\/\/hermandadviacrucis.com\/index.php\/wp-json\/wp\/v2\/media?parent=8054"}],"curies":[{"name":"wp","href":"https:\/\/api.w.org\/{rel}","templated":true}]}}