{"id":9632,"date":"2026-02-04T16:07:47","date_gmt":"2026-02-04T16:07:47","guid":{"rendered":"https:\/\/hermandadviacrucis.ihermandad.es\/?page_id=9632"},"modified":"2026-02-09T15:46:20","modified_gmt":"2026-02-09T15:46:20","slug":"estacion-de-penitencia","status":"publish","type":"page","link":"https:\/\/hermandadviacrucis.com\/index.php\/estacion-de-penitencia\/","title":{"rendered":"Estaci\u00f3n de Penitencia"},"content":{"rendered":"\t\t<div data-elementor-type=\"wp-page\" data-elementor-id=\"9632\" class=\"elementor elementor-9632\" data-elementor-post-type=\"page\">\n\t\t\t\t<div class=\"elementor-element elementor-element-d29729f e-flex e-con-boxed e-con e-parent\" data-id=\"d29729f\" data-element_type=\"container\" data-e-type=\"container\">\n\t\t\t\t\t<div class=\"e-con-inner\">\n\t\t\t\t<div class=\"elementor-element elementor-element-adb8f10 elementor-widget elementor-widget-text-editor\" data-id=\"adb8f10\" data-element_type=\"widget\" data-e-type=\"widget\" data-widget_type=\"text-editor.default\">\n\t\t\t\t\t\t\t\t\t<p><strong>\ud835\uddd4\ud835\uddd6\ud835\udde7\ud835\udde8\ud835\uddd4\ud835\udddf\ud835\udddc\ud835\uddd7\ud835\uddd4\ud835\uddd7 \u2013 \ud835\uddd6\ud835\udde8\ud835\uddd4\ud835\udde5\ud835\uddd8\ud835\udde6\ud835\udde0\ud835\uddd4 2026<\/strong><\/p><p>Empezamos el camino para realizar una nueva Estaci\u00f3n de Penitencia el 30 de marzo, Lunes Santo de 2026.<\/p><p>El calendario para el reparto de t\u00fanicas y papeletas de sitio se realizar\u00e1 en la Casa de Hermandad<br \/>C\/Tej\u00f3n y Mar\u00edn n\u00ba10<br \/>Horario: 18:30h \u2013 21:00h<\/p><p><strong>HERMANOS QUE REALIZARON ESTACI\u00d3N DE PENITENCIA EN 2025<\/strong><br \/><img decoding=\"async\" src=\"https:\/\/static.xx.fbcdn.net\/images\/emoji.php\/v9\/t5c\/1\/16\/1f5d3.png\" alt=\"\ud83d\uddd3\ufe0f\" width=\"16\" height=\"16\" \/>\u00a0Lunes, 23 de febrero<br \/><img decoding=\"async\" src=\"https:\/\/static.xx.fbcdn.net\/images\/emoji.php\/v9\/t5c\/1\/16\/1f5d3.png\" alt=\"\ud83d\uddd3\ufe0f\" width=\"16\" height=\"16\" \/>\u00a0Martes, 24 de febrero<br \/><img decoding=\"async\" src=\"https:\/\/static.xx.fbcdn.net\/images\/emoji.php\/v9\/t5c\/1\/16\/1f5d3.png\" alt=\"\ud83d\uddd3\ufe0f\" width=\"16\" height=\"16\" \/>\u00a0Mi\u00e9rcoles, 25 de febrero<\/p><p><strong>HERMANOS QUE NO REALIZARON ESTACI\u00d3N DE PENITENCIA<\/strong><br \/><img decoding=\"async\" src=\"https:\/\/static.xx.fbcdn.net\/images\/emoji.php\/v9\/t5c\/1\/16\/1f5d3.png\" alt=\"\ud83d\uddd3\ufe0f\" width=\"16\" height=\"16\" \/>\u00a0Jueves, 26 de febrero<\/p><p><strong>NUEVOS HERMANOS<\/strong><br \/><img decoding=\"async\" src=\"https:\/\/static.xx.fbcdn.net\/images\/emoji.php\/v9\/t5c\/1\/16\/1f5d3.png\" alt=\"\ud83d\uddd3\ufe0f\" width=\"16\" height=\"16\" \/>\u00a0Viernes, 27 de febrero<\/p><p><strong>SORTEO DE HERMANOS DE CRISTO<\/strong><br \/><img decoding=\"async\" src=\"https:\/\/static.xx.fbcdn.net\/images\/emoji.php\/v9\/t5c\/1\/16\/1f5d3.png\" alt=\"\ud83d\uddd3\ufe0f\" width=\"16\" height=\"16\" \/>\u00a0Viernes, 27 de febrero<br \/><img decoding=\"async\" src=\"https:\/\/static.xx.fbcdn.net\/images\/emoji.php\/v9\/tda\/1\/16\/1f55b.png\" alt=\"\ud83d\udd5b\" width=\"16\" height=\"16\" \/>\u00a021:00h<\/p>\t\t\t\t\t\t\t\t<\/div>\n\t\t\t\t\t<\/div>\n\t\t\t\t<\/div>\n\t\t<div class=\"elementor-element elementor-element-e724d77 e-flex e-con-boxed e-con e-parent\" data-id=\"e724d77\" data-element_type=\"container\" data-e-type=\"container\">\n\t\t\t\t\t<div class=\"e-con-inner\">\n\t\t\t\t<div class=\"elementor-element elementor-element-853fe35 elementor-widget elementor-widget-image\" data-id=\"853fe35\" data-element_type=\"widget\" data-e-type=\"widget\" data-widget_type=\"image.default\">\n\t\t\t\t\t\t\t\t\t\t\t\t\t\t\t<img fetchpriority=\"high\" decoding=\"async\" width=\"300\" height=\"300\" src=\"https:\/\/hermandadviacrucis.com\/wp-content\/uploads\/2026\/02\/Vc25-300x300.png\" class=\"attachment-medium size-medium wp-image-9764\" alt=\"\" srcset=\"https:\/\/hermandadviacrucis.com\/wp-content\/uploads\/2026\/02\/Vc25-300x300.png 300w, https:\/\/hermandadviacrucis.com\/wp-content\/uploads\/2026\/02\/Vc25-1024x1024.png 1024w, https:\/\/hermandadviacrucis.com\/wp-content\/uploads\/2026\/02\/Vc25-150x150.png 150w, https:\/\/hermandadviacrucis.com\/wp-content\/uploads\/2026\/02\/Vc25-768x768.png 768w, https:\/\/hermandadviacrucis.com\/wp-content\/uploads\/2026\/02\/Vc25.png 1080w\" sizes=\"(max-width: 300px) 100vw, 300px\" \/>\t\t\t\t\t\t\t\t\t\t\t\t\t\t\t<\/div>\n\t\t\t\t\t<\/div>\n\t\t\t\t<\/div>\n\t\t<div class=\"elementor-element elementor-element-c13f981 e-flex e-con-boxed e-con e-parent\" data-id=\"c13f981\" data-element_type=\"container\" data-e-type=\"container\">\n\t\t\t\t\t<div class=\"e-con-inner\">\n\t\t\t\t<div class=\"elementor-element elementor-element-32a6b28 elementor-widget elementor-widget-heading\" data-id=\"32a6b28\" data-element_type=\"widget\" data-e-type=\"widget\" data-widget_type=\"heading.default\">\n\t\t\t\t\t<h2 class=\"elementor-heading-title elementor-size-default\">NORMAS PARA LA ESTACI\u00d3N DE PENITENCIA<\/h2>\t\t\t\t<\/div>\n\t\t\t\t<div class=\"elementor-element elementor-element-e2d6c97 elementor-widget elementor-widget-text-editor\" data-id=\"e2d6c97\" data-element_type=\"widget\" data-e-type=\"widget\" data-widget_type=\"text-editor.default\">\n\t\t\t\t\t\t\t\t\t<p>Os recordamos las <strong>NORMAS B\u00c1SICAS<\/strong> a cumplir el d\u00eda de nuestra estaci\u00f3n de Penitencia, para que podamos dar testimonio<br \/>de compostura y seriedad.<\/p><p>En los Estatutos de la Hermandad del V\u00eda Crucis del Santo Cristo de la Salud, en su T\u00edtulo III, art\u00edculo 11, se recoge las <strong>NORMAS DE LA ESTACI\u00d3N DE PENITENCIA<\/strong>, que dice:<\/p><p>\u201cTodos los miembros de la Hermandad mayores de 14 a\u00f1os y s\u00f3lo ellos. Tienen el derecho y la especial obligaci\u00f3n de acompa\u00f1ar al Santo Cristo de la Salud,haciendo estaci\u00f3n de penitencia en V\u00eda Crucis. Durante la misma observar\u00e1n<br \/>las siguientes normas:<\/p><p>\u2022 Si vienes con la t\u00fanica puesta,debes de hacerlo en riguroso silencio, con el cubrerrostros puesto y por el camino m\u00e1s corto, sin realizar ning\u00fan tipo de paradas.<br \/>\u2022 Al volver a casa, est\u00e1 rigurosamente prohibido que lo hagas con la t\u00fanica puesta, debes pues desvestirte e introducir la t\u00fanica en una bolsa o dentro del mismo capirote.<br \/>\u2022 Ya, en la formaci\u00f3n del cortejo, guarda silencio absoluto y no mires atr\u00e1s ni a los lados. Esta norma incluye no abandonar la fila, salvo en caso de fuerza mayor, enfermedad, etc, y siempre sujeta a la previa petici\u00f3n al Mayordomo<br \/>de Estaci\u00f3n de Penitencia, nunca en caso de lluvia. No pedir en caso de que se apague el cirio, fuego al nazareno de al lado. Y por supuesto no bebas ni comas durante la Estaci\u00f3n de Penitencia.<br \/>\u2022 Mant\u00e9n siempre la distancia con el hermano que te precede. No bajes tu atributo hasta que lo haga el hermano de delante. No te cambies, ni el cirio ni el farol de mano, ni te apoyes en la cruz una vez bajada.<br \/>\u2022 Comprueba que la camisa o jersey, y tus pantalones est\u00e9n remangados. Qu\u00edtate pulseras, y relojes, y no uses rosarios de mano. En definitiva no se debe de usar nada que pueda diferenciarlos como ordena el art\u00edculo 12 de los Estatutos.<br \/>\u2022 El rosario, lo debes de llevar con la ca\u00edda hacia la izquierda y con tan solo una vuelta. <br \/>\u2022 Las zapatillas deben de ser de esparto negras y con cintas, si tiene remates blancos, comun\u00edcaselo al Mayordomo para poder pintarlos en negro. El pie debe de ir desnudo<br \/>\u2022 Reza en voz alta y clara el Santo Viacrucis.<br \/>\u2022 Obedece siempre las indicaciones del Mayordomo de Estaci\u00f3n de Penitencia.<br \/>\u2022 En caso de lluvia, es de tu deber acudir al Iglesia.<\/p>\t\t\t\t\t\t\t\t<\/div>\n\t\t\t\t\t<\/div>\n\t\t\t\t<\/div>\n\t\t<div class=\"elementor-element elementor-element-e06fab1 e-flex e-con-boxed e-con e-parent\" data-id=\"e06fab1\" data-element_type=\"container\" data-e-type=\"container\">\n\t\t\t\t\t<div class=\"e-con-inner\">\n\t\t\t\t<div class=\"elementor-element elementor-element-047efa3 elementor-widget elementor-widget-image\" data-id=\"047efa3\" data-element_type=\"widget\" data-e-type=\"widget\" data-widget_type=\"image.default\">\n\t\t\t\t\t\t\t\t\t\t\t\t\t\t\t<img loading=\"lazy\" decoding=\"async\" width=\"476\" height=\"530\" src=\"https:\/\/hermandadviacrucis.com\/wp-content\/uploads\/2026\/02\/Nazareno-Via-Crucis.png\" class=\"attachment-large size-large wp-image-9862\" alt=\"\" srcset=\"https:\/\/hermandadviacrucis.com\/wp-content\/uploads\/2026\/02\/Nazareno-Via-Crucis.png 476w, https:\/\/hermandadviacrucis.com\/wp-content\/uploads\/2026\/02\/Nazareno-Via-Crucis-269x300.png 269w\" sizes=\"(max-width: 476px) 100vw, 476px\" \/>\t\t\t\t\t\t\t\t\t\t\t\t\t\t\t<\/div>\n\t\t\t\t\t<\/div>\n\t\t\t\t<\/div>\n\t\t\t\t<\/div>\n\t\t","protected":false},"excerpt":{"rendered":"<p>\ud835\uddd4\ud835\uddd6\ud835\udde7\ud835\udde8\ud835\uddd4\ud835\udddf\ud835\udddc\ud835\uddd7\ud835\uddd4\ud835\uddd7 \u2013 \ud835\uddd6\ud835\udde8\ud835\uddd4\ud835\udde5\ud835\uddd8\ud835\udde6\ud835\udde0\ud835\uddd4 2026 Empezamos el camino para realizar una nueva Estaci\u00f3n de Penitencia el 30 de marzo, Lunes Santo [&hellip;]<\/p>\n","protected":false},"author":3,"featured_media":0,"parent":0,"menu_order":0,"comment_status":"closed","ping_status":"closed","template":"","meta":{"site-sidebar-layout":"no-sidebar","site-content-layout":"","ast-site-content-layout":"full-width-container","site-content-style":"default","site-sidebar-style":"default","ast-global-header-display":"","ast-banner-title-visibility":"","ast-main-header-display":"","ast-hfb-above-header-display":"","ast-hfb-below-header-display":"","ast-hfb-mobile-header-display":"","site-post-title":"","ast-breadcrumbs-content":"","ast-featured-img":"disabled","footer-sml-layout":"","ast-disable-related-posts":"","theme-transparent-header-meta":"","adv-header-id-meta":"","stick-header-meta":"","header-above-stick-meta":"","header-main-stick-meta":"","header-below-stick-meta":"","astra-migrate-meta-layouts":"default","ast-page-background-enabled":"default","ast-page-background-meta":{"desktop":{"background-color":"var(--ast-global-color-5)","background-image":"","background-repeat":"repeat","background-position":"center center","background-size":"auto","background-attachment":"scroll","background-type":"","background-media":"","overlay-type":"","overlay-color":"","overlay-opacity":"","overlay-gradient":""},"tablet":{"background-color":"","background-image":"","background-repeat":"repeat","background-position":"center center","background-size":"auto","background-attachment":"scroll","background-type":"","background-media":"","overlay-type":"","overlay-color":"","overlay-opacity":"","overlay-gradient":""},"mobile":{"background-color":"","background-image":"","background-repeat":"repeat","background-position":"center center","background-size":"auto","background-attachment":"scroll","background-type":"","background-media":"","overlay-type":"","overlay-color":"","overlay-opacity":"","overlay-gradient":""}},"ast-content-background-meta":{"desktop":{"background-color":"var(--ast-global-color-4)","background-image":"","background-repeat":"repeat","background-position":"center center","background-size":"auto","background-attachment":"scroll","background-type":"","background-media":"","overlay-type":"","overlay-color":"","overlay-opacity":"","overlay-gradient":""},"tablet":{"background-color":"var(--ast-global-color-4)","background-image":"","background-repeat":"repeat","background-position":"center center","background-size":"auto","background-attachment":"scroll","background-type":"","background-media":"","overlay-type":"","overlay-color":"","overlay-opacity":"","overlay-gradient":""},"mobile":{"background-color":"var(--ast-global-color-4)","background-image":"","background-repeat":"repeat","background-position":"center center","background-size":"auto","background-attachment":"scroll","background-type":"","background-media":"","overlay-type":"","overlay-color":"","overlay-opacity":"","overlay-gradient":""}},"_joinchat":[],"footnotes":""},"class_list":["post-9632","page","type-page","status-publish","hentry"],"_links":{"self":[{"href":"https:\/\/hermandadviacrucis.com\/index.php\/wp-json\/wp\/v2\/pages\/9632","targetHints":{"allow":["GET"]}}],"collection":[{"href":"https:\/\/hermandadviacrucis.com\/index.php\/wp-json\/wp\/v2\/pages"}],"about":[{"href":"https:\/\/hermandadviacrucis.com\/index.php\/wp-json\/wp\/v2\/types\/page"}],"author":[{"embeddable":true,"href":"https:\/\/hermandadviacrucis.com\/index.php\/wp-json\/wp\/v2\/users\/3"}],"replies":[{"embeddable":true,"href":"https:\/\/hermandadviacrucis.com\/index.php\/wp-json\/wp\/v2\/comments?post=9632"}],"version-history":[{"count":10,"href":"https:\/\/hermandadviacrucis.com\/index.php\/wp-json\/wp\/v2\/pages\/9632\/revisions"}],"predecessor-version":[{"id":9887,"href":"https:\/\/hermandadviacrucis.com\/index.php\/wp-json\/wp\/v2\/pages\/9632\/revisions\/9887"}],"wp:attachment":[{"href":"https:\/\/hermandadviacrucis.com\/index.php\/wp-json\/wp\/v2\/media?parent=9632"}],"curies":[{"name":"wp","href":"https:\/\/api.w.org\/{rel}","templated":true}]}}