{"id":9759,"date":"2026-02-06T09:45:10","date_gmt":"2026-02-06T09:45:10","guid":{"rendered":"https:\/\/hermandadviacrucis.ihermandad.es\/?page_id=9759"},"modified":"2026-02-24T16:21:12","modified_gmt":"2026-02-24T16:21:12","slug":"proyecto-como-en-casa","status":"publish","type":"page","link":"https:\/\/hermandadviacrucis.com\/index.php\/proyecto-como-en-casa\/","title":{"rendered":"Proyecto \u00abComo en casa\u00bb"},"content":{"rendered":"\t\t<div data-elementor-type=\"wp-page\" data-elementor-id=\"9759\" class=\"elementor elementor-9759\" data-elementor-post-type=\"page\">\n\t\t\t\t<div class=\"elementor-element elementor-element-c250d73 e-flex e-con-boxed e-con e-parent\" data-id=\"c250d73\" data-element_type=\"container\" data-e-type=\"container\">\n\t\t\t\t\t<div class=\"e-con-inner\">\n\t\t\t\t<div class=\"elementor-element elementor-element-b542d1c elementor-widget elementor-widget-heading\" data-id=\"b542d1c\" data-element_type=\"widget\" data-e-type=\"widget\" data-widget_type=\"heading.default\">\n\t\t\t\t\t<h2 class=\"elementor-heading-title elementor-size-default\">OBRA SOCIAL COMO EN CASA<\/h2>\t\t\t\t<\/div>\n\t\t\t\t<div class=\"elementor-element elementor-element-d3cc5b4 elementor-widget elementor-widget-video\" data-id=\"d3cc5b4\" data-element_type=\"widget\" data-e-type=\"widget\" data-settings=\"{&quot;video_type&quot;:&quot;hosted&quot;,&quot;controls&quot;:&quot;yes&quot;}\" data-widget_type=\"video.default\">\n\t\t\t\t\t\t\t<div class=\"e-hosted-video elementor-wrapper elementor-open-inline\">\n\t\t\t\t\t<video class=\"elementor-video\" src=\"https:\/\/hermandadviacrucis.com\/wp-content\/uploads\/2026\/02\/hermandad_via_crucis-sub.mp4\" controls=\"\" preload=\"metadata\" controlsList=\"nodownload\" poster=\"https:\/\/hermandadviacrucis.com\/wp-content\/uploads\/2026\/02\/HDVC-CC.png\"><\/video>\n\t\t\t\t<\/div>\n\t\t\t\t\t\t<\/div>\n\t\t\t\t\t<\/div>\n\t\t\t\t<\/div>\n\t\t<div class=\"elementor-element elementor-element-5a886a0 e-flex e-con-boxed e-con e-parent\" data-id=\"5a886a0\" data-element_type=\"container\" data-e-type=\"container\">\n\t\t\t\t\t<div class=\"e-con-inner\">\n\t\t\t\t<div class=\"elementor-element elementor-element-5f46433 elementor-widget elementor-widget-text-editor\" data-id=\"5f46433\" data-element_type=\"widget\" data-e-type=\"widget\" data-widget_type=\"text-editor.default\">\n\t\t\t\t\t\t\t\t\t<p>Nuestra Hermandad del V\u00eda Crucis de C\u00f3rdoba renov\u00f3 su compromiso con la original iniciativa de su obra social en la III Gala Ben\u00e9fica, que se celebr\u00f3 el pasado 19 de septiembre en el Patio Blanco del Palacio de la Merced. La gala, que cont\u00f3 con la cena y concierto del grupo Autorever, reuni\u00f3 a m\u00e1s de 300 personas y cont\u00f3 con el apoyo de m\u00e1s de 30 empresas e instituciones de la sociedad cordobesa.<\/p><p>Presentamos nuestro proyecto de viviendas gratuitas para pacientes y familiares de hospitalizaci\u00f3n de larga duraci\u00f3n, que desde hace m\u00e1s de 5 a\u00f1os ofrecemos un espacio de acogida y apoyo a las familias que lo necesitan. Gracias a la colaboraci\u00f3n de los Hospitales de Reina Sof\u00eda, el Provincial y el Hospital Arruzafa, nuestras viviendas han atendido a decenas de pacientes.<\/p><p>Los fondos recaudados en la Gala sirvieron para rehabilitar y mantener estos hogares temporales, una iniciativa pionera en la ciudad que brinda un espacio de acogida y apoyo a las familias que lo necesitan. Nuestra labor es posible gracias a la colaboraci\u00f3n de empresas e instituciones que cada a\u00f1o se van sumando a esta causa, demostrando su compromiso con la sociedad cordobesa.<\/p><p>La Gala Ben\u00e9fica fue una oportunidad para dar visibilidad a nuestro gran proyecto, \u00fanico en la ciudad y concienciar a la sociedad cordobesa sobre la importancia de nuestra constante labor social. Que ser\u00eda imposible sin el apoyo de todos los hermanos que conformamos nuestra corporaci\u00f3n.<\/p>\t\t\t\t\t\t\t\t<\/div>\n\t\t\t\t\t<\/div>\n\t\t\t\t<\/div>\n\t\t\t\t<\/div>\n\t\t","protected":false},"excerpt":{"rendered":"<p>OBRA SOCIAL COMO EN CASA https:\/\/hermandadviacrucis.ihermandad.es\/wp-content\/uploads\/2026\/02\/hermandad_via_crucis-sub.mp4 Nuestra Hermandad del V\u00eda Crucis de C\u00f3rdoba renov\u00f3 su compromiso con la original iniciativa [&hellip;]<\/p>\n","protected":false},"author":2,"featured_media":0,"parent":0,"menu_order":0,"comment_status":"closed","ping_status":"closed","template":"","meta":{"site-sidebar-layout":"no-sidebar","site-content-layout":"","ast-site-content-layout":"full-width-container","site-content-style":"default","site-sidebar-style":"default","ast-global-header-display":"","ast-banner-title-visibility":"","ast-main-header-display":"","ast-hfb-above-header-display":"","ast-hfb-below-header-display":"","ast-hfb-mobile-header-display":"","site-post-title":"","ast-breadcrumbs-content":"","ast-featured-img":"disabled","footer-sml-layout":"","ast-disable-related-posts":"","theme-transparent-header-meta":"","adv-header-id-meta":"","stick-header-meta":"","header-above-stick-meta":"","header-main-stick-meta":"","header-below-stick-meta":"","astra-migrate-meta-layouts":"default","ast-page-background-enabled":"default","ast-page-background-meta":{"desktop":{"background-color":"var(--ast-global-color-5)","background-image":"","background-repeat":"repeat","background-position":"center center","background-size":"auto","background-attachment":"scroll","background-type":"","background-media":"","overlay-type":"","overlay-color":"","overlay-opacity":"","overlay-gradient":""},"tablet":{"background-color":"","background-image":"","background-repeat":"repeat","background-position":"center center","background-size":"auto","background-attachment":"scroll","background-type":"","background-media":"","overlay-type":"","overlay-color":"","overlay-opacity":"","overlay-gradient":""},"mobile":{"background-color":"","background-image":"","background-repeat":"repeat","background-position":"center center","background-size":"auto","background-attachment":"scroll","background-type":"","background-media":"","overlay-type":"","overlay-color":"","overlay-opacity":"","overlay-gradient":""}},"ast-content-background-meta":{"desktop":{"background-color":"var(--ast-global-color-4)","background-image":"","background-repeat":"repeat","background-position":"center center","background-size":"auto","background-attachment":"scroll","background-type":"","background-media":"","overlay-type":"","overlay-color":"","overlay-opacity":"","overlay-gradient":""},"tablet":{"background-color":"var(--ast-global-color-4)","background-image":"","background-repeat":"repeat","background-position":"center center","background-size":"auto","background-attachment":"scroll","background-type":"","background-media":"","overlay-type":"","overlay-color":"","overlay-opacity":"","overlay-gradient":""},"mobile":{"background-color":"var(--ast-global-color-4)","background-image":"","background-repeat":"repeat","background-position":"center center","background-size":"auto","background-attachment":"scroll","background-type":"","background-media":"","overlay-type":"","overlay-color":"","overlay-opacity":"","overlay-gradient":""}},"_joinchat":[],"footnotes":""},"class_list":["post-9759","page","type-page","status-publish","hentry"],"_links":{"self":[{"href":"https:\/\/hermandadviacrucis.com\/index.php\/wp-json\/wp\/v2\/pages\/9759","targetHints":{"allow":["GET"]}}],"collection":[{"href":"https:\/\/hermandadviacrucis.com\/index.php\/wp-json\/wp\/v2\/pages"}],"about":[{"href":"https:\/\/hermandadviacrucis.com\/index.php\/wp-json\/wp\/v2\/types\/page"}],"author":[{"embeddable":true,"href":"https:\/\/hermandadviacrucis.com\/index.php\/wp-json\/wp\/v2\/users\/2"}],"replies":[{"embeddable":true,"href":"https:\/\/hermandadviacrucis.com\/index.php\/wp-json\/wp\/v2\/comments?post=9759"}],"version-history":[{"count":5,"href":"https:\/\/hermandadviacrucis.com\/index.php\/wp-json\/wp\/v2\/pages\/9759\/revisions"}],"predecessor-version":[{"id":10122,"href":"https:\/\/hermandadviacrucis.com\/index.php\/wp-json\/wp\/v2\/pages\/9759\/revisions\/10122"}],"wp:attachment":[{"href":"https:\/\/hermandadviacrucis.com\/index.php\/wp-json\/wp\/v2\/media?parent=9759"}],"curies":[{"name":"wp","href":"https:\/\/api.w.org\/{rel}","templated":true}]}}